{"id":29,"date":"2007-10-01T13:45:47","date_gmt":"2007-10-01T20:45:47","guid":{"rendered":"http:\/\/jazzstudio.info\/?page_id=29"},"modified":"2013-08-19T23:17:06","modified_gmt":"2013-08-19T22:17:06","slug":"about","status":"publish","type":"page","link":"http:\/\/jazzstudio.info\/?page_id=29","title":{"rendered":"About"},"content":{"rendered":"<p><strong><a href=\"http:\/\/jazzstudio.info\/wp-content\/uploads\/2007\/10\/portret_szczesliwicki1.jpg\" target=\"_blank\"><img loading=\"lazy\" class=\" wp-image-36 alignleft\" style=\"border: 5px solid red; margin: 5px;\" alt=\"portret_szczesliwicki1\" src=\"http:\/\/jazzstudio.info\/wp-content\/uploads\/2007\/10\/portret_szczesliwicki1-270x300.jpg\" width=\"189\" height=\"210\" srcset=\"http:\/\/jazzstudio.info\/wp-content\/uploads\/2007\/10\/portret_szczesliwicki1-270x300.jpg 270w, http:\/\/jazzstudio.info\/wp-content\/uploads\/2007\/10\/portret_szczesliwicki1.jpg 541w\" sizes=\"(max-width: 189px) 100vw, 189px\" \/><\/a>I was born in 1949 in Warsaw. I graduated the Nicolaus Copernicus High School in Warsaw, a UNESCO-affiliated educational establishment with English as the teaching medium.<br \/>\nI studied at the Central School of Planning and Statistics (today: Warsaw School of Economics) (1967-1971) and at the Department of Law and Administration of Warsaw University, graduating the latter in 1975.<br \/>\nIn 1977-1980 I did a research project on late medieval culture at the Institute of History of the Polish Academy of Sciences under the academic guidance of Professor Bronis\u0142aw Geremek. In 1982-1983 I continued research work on a scholarship from the underground Solidarity trade union.<br \/>\nIn 1981 I was on the staff of the Social Research Centre of the Mazowsze Chapter of Solidarity and of the Solidarno\u015b\u0107 weekly. Following the proclamation of martial law I took a job with a monthly Pomoc Spo\u0142eczna and thereafter I worked as journalist for the Pow\u015bci\u0105gliwo\u015b\u0107 i Praca monthly (1989-1990) and contributed reviews to a bi-weekly \u015awiat I Ksi\u0105\u017cka.<br \/>\nIn 1990 I co-founded a publishing house Dom Wydawniczy Dominus and took over as its chief editor. A year later I set up my own consulting firm and I became a receiver in bankruptcy. In 1992 I published my book Sprawd\u017a, czy jeste\u015b w\u0142a\u015bcicielem [Check Your Ownership Title].<br \/>\nIn 1995 I was the secretary and a journalist of a local monthly Kocham Prag\u0119.<br \/>\nIn 1996-1999 I was a freelance contributor and, later, a staff member of Gazeta Prawna and a journalist of Dziennik Prawa i Gospodarki.<br \/>\nSince 2000 I have been a free agent. I have cooperated with an English-language monthly What\u2019s up in Warsaw covering galleries, exhibitions, photography events and creative efforts of young artists. I invented and developed a cartoon character Janek Nuda [Jack Boredom] who featured in a <a href=\"http:\/\/www.twozywo.art.pl\" target=\"_blank\">Two\u017cywo Group<\/a> serial Kapitan Europa [Captain Europe] in an episode Rozkaz [Yes, sir].<br \/>\n<\/strong><\/p>\n<div class=\"sharedaddy sd-sharing-enabled\"><div class=\"robots-nocontent sd-block sd-social sd-social-icon-text sd-sharing\"><h3 class=\"sd-title\">Share this:<\/h3><div class=\"sd-content\"><ul><li class=\"share-facebook\"><a rel=\"nofollow noopener noreferrer\" data-shared=\"sharing-facebook-29\" class=\"share-facebook sd-button share-icon\" href=\"http:\/\/jazzstudio.info\/?page_id=29&amp;share=facebook\" target=\"_blank\" title=\"Click to share on Facebook\"><span>Facebook<\/span><\/a><\/li><li class=\"share-twitter\"><a rel=\"nofollow noopener noreferrer\" data-shared=\"sharing-twitter-29\" class=\"share-twitter sd-button share-icon\" href=\"http:\/\/jazzstudio.info\/?page_id=29&amp;share=twitter\" target=\"_blank\" title=\"Click to share on Twitter\"><span>Twitter<\/span><\/a><\/li><li class=\"share-reddit\"><a rel=\"nofollow noopener noreferrer\" data-shared=\"\" class=\"share-reddit sd-button share-icon\" href=\"http:\/\/jazzstudio.info\/?page_id=29&amp;share=reddit\" target=\"_blank\" title=\"Click to share on Reddit\"><span>Reddit<\/span><\/a><\/li><li class=\"share-end\"><\/li><\/ul><\/div><\/div><\/div>","protected":false},"excerpt":{"rendered":"<p>I was born in 1949 in Warsaw. I graduated the Nicolaus Copernicus High School in Warsaw, a UNESCO-affiliated educational establishment<a class=\"moretag\" href=\"http:\/\/jazzstudio.info\/?page_id=29\">&#8230;continue reading<\/a><\/p>\n<div class=\"sharedaddy sd-sharing-enabled\"><div class=\"robots-nocontent sd-block sd-social sd-social-icon-text sd-sharing\"><h3 class=\"sd-title\">Share this:<\/h3><div class=\"sd-content\"><ul><li class=\"share-facebook\"><a rel=\"nofollow noopener noreferrer\" data-shared=\"sharing-facebook-29\" class=\"share-facebook sd-button share-icon\" href=\"http:\/\/jazzstudio.info\/?page_id=29&amp;share=facebook\" target=\"_blank\" title=\"Click to share on Facebook\"><span>Facebook<\/span><\/a><\/li><li class=\"share-twitter\"><a rel=\"nofollow noopener noreferrer\" data-shared=\"sharing-twitter-29\" class=\"share-twitter sd-button share-icon\" href=\"http:\/\/jazzstudio.info\/?page_id=29&amp;share=twitter\" target=\"_blank\" title=\"Click to share on Twitter\"><span>Twitter<\/span><\/a><\/li><li class=\"share-reddit\"><a rel=\"nofollow noopener noreferrer\" data-shared=\"\" class=\"share-reddit sd-button share-icon\" href=\"http:\/\/jazzstudio.info\/?page_id=29&amp;share=reddit\" target=\"_blank\" title=\"Click to share on Reddit\"><span>Reddit<\/span><\/a><\/li><li class=\"share-end\"><\/li><\/ul><\/div><\/div><\/div>","protected":false},"author":1,"featured_media":0,"parent":0,"menu_order":0,"comment_status":"open","ping_status":"open","template":"","meta":{"episode_type":"","audio_file":"","cover_image":"","cover_image_id":"","duration":"","filesize":"","date_recorded":"","explicit":"","block":"","filesize_raw":"","spay_email":""},"jetpack_sharing_enabled":true,"jetpack_shortlink":"https:\/\/wp.me\/PtxJ9-t","_links":{"self":[{"href":"http:\/\/jazzstudio.info\/index.php?rest_route=\/wp\/v2\/pages\/29"}],"collection":[{"href":"http:\/\/jazzstudio.info\/index.php?rest_route=\/wp\/v2\/pages"}],"about":[{"href":"http:\/\/jazzstudio.info\/index.php?rest_route=\/wp\/v2\/types\/page"}],"author":[{"embeddable":true,"href":"http:\/\/jazzstudio.info\/index.php?rest_route=\/wp\/v2\/users\/1"}],"replies":[{"embeddable":true,"href":"http:\/\/jazzstudio.info\/index.php?rest_route=%2Fwp%2Fv2%2Fcomments&post=29"}],"version-history":[{"count":2,"href":"http:\/\/jazzstudio.info\/index.php?rest_route=\/wp\/v2\/pages\/29\/revisions"}],"predecessor-version":[{"id":57,"href":"http:\/\/jazzstudio.info\/index.php?rest_route=\/wp\/v2\/pages\/29\/revisions\/57"}],"wp:attachment":[{"href":"http:\/\/jazzstudio.info\/index.php?rest_route=%2Fwp%2Fv2%2Fmedia&parent=29"}],"curies":[{"name":"wp","href":"https:\/\/api.w.org\/{rel}","templated":true}]}}